{"id":83,"date":"2026-04-01T08:40:41","date_gmt":"2026-04-01T08:40:41","guid":{"rendered":"https:\/\/pueblanuncio.com\/directorio\/?page_id=83"},"modified":"2026-04-01T15:02:35","modified_gmt":"2026-04-01T15:02:35","slug":"pueblanuncio","status":"publish","type":"page","link":"https:\/\/pueblanuncio.com\/directorio\/","title":{"rendered":"Pueblanuncio"},"content":{"rendered":"\t\t<div data-elementor-type=\"wp-page\" data-elementor-id=\"83\" class=\"elementor elementor-83\" data-elementor-post-type=\"page\">\n\t\t\t\t<div class=\"elementor-element elementor-element-008b8ca e-flex e-con-boxed e-con e-parent\" data-id=\"008b8ca\" data-element_type=\"container\" data-e-type=\"container\">\n\t\t\t\t\t<div class=\"e-con-inner\">\n\t\t\t\t<div class=\"elementor-element elementor-element-f124ef0 elementor-widget elementor-widget-heading\" data-id=\"f124ef0\" data-element_type=\"widget\" data-e-type=\"widget\" data-widget_type=\"heading.default\">\n\t\t\t\t\t<h2 class=\"elementor-heading-title elementor-size-default\">Donde TODO PUEBLA se Anuncia<\/h2>\t\t\t\t<\/div>\n\t\t\t\t\t<\/div>\n\t\t\t\t<\/div>\n\t\t<div class=\"elementor-element elementor-element-d9926f4 elementor-hidden-tablet elementor-hidden-mobile e-flex e-con-boxed e-con e-parent\" data-id=\"d9926f4\" data-element_type=\"container\" data-e-type=\"container\" data-settings=\"{&quot;background_background&quot;:&quot;classic&quot;}\">\n\t\t\t\t\t<div class=\"e-con-inner\">\n\t\t\t\t<div class=\"elementor-element elementor-element-a7c8c45 elementor-widget elementor-widget-rtcl-listing-search-form\" data-id=\"a7c8c45\" data-element_type=\"widget\" data-e-type=\"widget\" data-widget_type=\"rtcl-listing-search-form.default\">\n\t\t\t\t<div class=\"elementor-widget-container\">\n\t\t\t\t\t\n<div class=\"rtcl rtcl-widget-search rtcl-widget-search-vertical rtcl-widget-search-style-dependency rtcl-elementor-widget-search\">\n\t<form action=\"https:\/\/pueblanuncio.com\/directorio\/listings\/\" class=\" rtcl-widget-search-form\">\n        <input type=\"hidden\" id=\"rtcl_widget_search_nonce\" name=\"rtcl_widget_search_nonce\" value=\"ed1ab3102f\" \/><input type=\"hidden\" name=\"_wp_http_referer\" value=\"\/directorio\/wp-json\/wp\/v2\/pages\/83\" \/>\t\t<div class=\"rtcl-row rtcl-no-margin active-field-3  \">\n\t\t\t\n\t\t\t    <div class=\"rtcl-form-group ws-item ws-location rtcl-col-sm-6 rtcl-col-12\">\n                    <label class=\"screen-reader-text\" for=\"rtcl-location-search-1605429823\">Location<\/label>\n                <div class=\"rtcl-terms\"><input type=\"hidden\" class=\"rtcl-term-hidden rtcl-term-rtcl_location\" data-slug=\"\" value=\"0\" \/><input type=\"hidden\" name=\"rtcl_location\" class=\"rtcl-term-hidden-value rtcl-term-rtcl_location\" value=\"\" \/><select id=\"rtcl-location-search-1605429823\" class=\"rtcl-form-control\" data-taxonomy=\"rtcl_location\" data-parent=\"0\"><option value=\"\">Selecciona un Municipio<\/option><option data-slug=\"atlixco\" value=\"183\">Atlixco<\/option><option data-slug=\"cholula\" value=\"182\">Cholula<\/option><option data-slug=\"puebla-capital\" value=\"181\">Puebla Capital<\/option><option data-slug=\"san-martin-texmelucan\" value=\"185\">San Mart\u00edn Texmelucan<\/option><option data-slug=\"tehuacan\" value=\"184\">Tehuac\u00e1n<\/option><\/select><\/div>    <\/div>\n\t\t\t\n\t\t\t\n    <div class=\"rtcl-form-group ws-item ws-category ws-category-dependency rtcl-col-sm-6 rtcl-col-12\">\n                    <label class=\"screen-reader-text\" for=\"rtcl-category-search-1605429823\">Category<\/label>\n                <div class=\"rtcl-terms\"><input type=\"hidden\" class=\"rtcl-term-hidden rtcl-term-rtcl_category\" data-slug=\"\" value=\"0\" \/><input type=\"hidden\" name=\"rtcl_category\" class=\"rtcl-term-hidden-value rtcl-term-rtcl_category\" value=\"\" \/><select id=\"rtcl-category-search-1605429823\" class=\"rtcl-form-control rtcl-category-search\" data-taxonomy=\"rtcl_category\" data-parent=\"0\"><option value=\"-1\">Selecciona una Categor\u00eda<\/option><option data-slug=\"area-legal\" value=\"70\">\u00c1rea legal<\/option><option data-slug=\"arquitectura-e-ingenieria\" value=\"98\">Arquitectura e ingenier\u00eda<\/option><option data-slug=\"belleza-y-salud\" value=\"143\">Belleza y Salud<\/option><option data-slug=\"consultoria-empresarial\" value=\"58\">Consultor\u00eda Empresarial<\/option><option data-slug=\"creativos-y-medios\" value=\"109\">Creativos y medios<\/option><option data-slug=\"educacion-y-capacitacion\" value=\"92\">Educaci\u00f3n y capacitaci\u00f3n<\/option><option data-slug=\"eventos-y-entretenimiento\" value=\"150\">Eventos y Entretenimiento<\/option><option data-slug=\"finanzas-y-contabilidad\" value=\"75\">Finanzas y contabilidad<\/option><option data-slug=\"inmuebles\" value=\"167\">Inmuebles<\/option><option data-slug=\"marketing-y-publicidad\" value=\"63\">Marketing y Publicidad<\/option><option data-slug=\"mascotas\" value=\"156\">Mascotas<\/option><option data-slug=\"recursos-humanos\" value=\"104\">Recursos humanos<\/option><option data-slug=\"restaurantes-y-comida\" value=\"161\">Restaurantes y Comida<\/option><option data-slug=\"salud-profesional\" value=\"88\">Salud profesional<\/option><option data-slug=\"servicios-a-la-industria\" value=\"114\">Servicios a la industria<\/option><option data-slug=\"servicios-tecnicos\" value=\"127\">Servicios T\u00e9cnicos<\/option><option data-slug=\"tecnologia\" value=\"81\">Tecnolog\u00eda<\/option><option data-slug=\"venta-de-productos\" value=\"174\">Venta de Productos<\/option><\/select><\/div>    <\/div>\n\t\t\t\n\t\t\t\n\t\t\t\n\t\t\t\n\t\t\t\n\t\t\t\t\t\t\n\t\t\t<div class=\"rtcl-form-group ws-item ws-button  rtcl-col-sm-6\">\n\t\t<div class=\"rtcl-action-buttons button-left\">\n\t\t<button type=\"submit\" class=\"rtcl-btn\">Buscar ahora<\/button>\n\t<\/div>\n<\/div>\t\t\t\n\t\t<\/div>\n\t\t\t<\/form>\n<\/div>\n\t\t\t\t<\/div>\n\t\t\t\t<\/div>\n\t\t\t\t\t<\/div>\n\t\t\t\t<\/div>\n\t\t<div class=\"elementor-element elementor-element-d52bcbe elementor-hidden-desktop elementor-hidden-mobile e-flex e-con-boxed e-con e-parent\" data-id=\"d52bcbe\" data-element_type=\"container\" data-e-type=\"container\" data-settings=\"{&quot;background_background&quot;:&quot;classic&quot;}\">\n\t\t\t\t\t<div class=\"e-con-inner\">\n\t\t\t\t<div class=\"elementor-element elementor-element-b07673a elementor-widget elementor-widget-rtcl-listing-search-form\" data-id=\"b07673a\" data-element_type=\"widget\" data-e-type=\"widget\" data-widget_type=\"rtcl-listing-search-form.default\">\n\t\t\t\t<div class=\"elementor-widget-container\">\n\t\t\t\t\t\n<div class=\"rtcl rtcl-widget-search rtcl-widget-search-vertical rtcl-widget-search-style-dependency rtcl-elementor-widget-search\">\n\t<form action=\"https:\/\/pueblanuncio.com\/directorio\/listings\/\" class=\" rtcl-widget-search-form\">\n        <input type=\"hidden\" id=\"rtcl_widget_search_nonce\" name=\"rtcl_widget_search_nonce\" value=\"ed1ab3102f\" \/><input type=\"hidden\" name=\"_wp_http_referer\" value=\"\/directorio\/wp-json\/wp\/v2\/pages\/83\" \/>\t\t<div class=\"rtcl-row rtcl-no-margin active-field-3  \">\n\t\t\t\n\t\t\t    <div class=\"rtcl-form-group ws-item ws-location rtcl-col-sm-6 rtcl-col-12\">\n                    <label class=\"screen-reader-text\" for=\"rtcl-location-search-1452643236\">Location<\/label>\n                <div class=\"rtcl-terms\"><input type=\"hidden\" class=\"rtcl-term-hidden rtcl-term-rtcl_location\" data-slug=\"\" value=\"0\" \/><input type=\"hidden\" name=\"rtcl_location\" class=\"rtcl-term-hidden-value rtcl-term-rtcl_location\" value=\"\" \/><select id=\"rtcl-location-search-1452643236\" class=\"rtcl-form-control\" data-taxonomy=\"rtcl_location\" data-parent=\"0\"><option value=\"\">Selecciona un Municipio<\/option><option data-slug=\"atlixco\" value=\"183\">Atlixco<\/option><option data-slug=\"cholula\" value=\"182\">Cholula<\/option><option data-slug=\"puebla-capital\" value=\"181\">Puebla Capital<\/option><option data-slug=\"san-martin-texmelucan\" value=\"185\">San Mart\u00edn Texmelucan<\/option><option data-slug=\"tehuacan\" value=\"184\">Tehuac\u00e1n<\/option><\/select><\/div>    <\/div>\n\t\t\t\n\t\t\t\n    <div class=\"rtcl-form-group ws-item ws-category ws-category-dependency rtcl-col-sm-6 rtcl-col-12\">\n                    <label class=\"screen-reader-text\" for=\"rtcl-category-search-1452643236\">Category<\/label>\n                <div class=\"rtcl-terms\"><input type=\"hidden\" class=\"rtcl-term-hidden rtcl-term-rtcl_category\" data-slug=\"\" value=\"0\" \/><input type=\"hidden\" name=\"rtcl_category\" class=\"rtcl-term-hidden-value rtcl-term-rtcl_category\" value=\"\" \/><select id=\"rtcl-category-search-1452643236\" class=\"rtcl-form-control rtcl-category-search\" data-taxonomy=\"rtcl_category\" data-parent=\"0\"><option value=\"-1\">Selecciona una Categor\u00eda<\/option><option data-slug=\"area-legal\" value=\"70\">\u00c1rea legal<\/option><option data-slug=\"arquitectura-e-ingenieria\" value=\"98\">Arquitectura e ingenier\u00eda<\/option><option data-slug=\"belleza-y-salud\" value=\"143\">Belleza y Salud<\/option><option data-slug=\"consultoria-empresarial\" value=\"58\">Consultor\u00eda Empresarial<\/option><option data-slug=\"creativos-y-medios\" value=\"109\">Creativos y medios<\/option><option data-slug=\"educacion-y-capacitacion\" value=\"92\">Educaci\u00f3n y capacitaci\u00f3n<\/option><option data-slug=\"eventos-y-entretenimiento\" value=\"150\">Eventos y Entretenimiento<\/option><option data-slug=\"finanzas-y-contabilidad\" value=\"75\">Finanzas y contabilidad<\/option><option data-slug=\"inmuebles\" value=\"167\">Inmuebles<\/option><option data-slug=\"marketing-y-publicidad\" value=\"63\">Marketing y Publicidad<\/option><option data-slug=\"mascotas\" value=\"156\">Mascotas<\/option><option data-slug=\"recursos-humanos\" value=\"104\">Recursos humanos<\/option><option data-slug=\"restaurantes-y-comida\" value=\"161\">Restaurantes y Comida<\/option><option data-slug=\"salud-profesional\" value=\"88\">Salud profesional<\/option><option data-slug=\"servicios-a-la-industria\" value=\"114\">Servicios a la industria<\/option><option data-slug=\"servicios-tecnicos\" value=\"127\">Servicios T\u00e9cnicos<\/option><option data-slug=\"tecnologia\" value=\"81\">Tecnolog\u00eda<\/option><option data-slug=\"venta-de-productos\" value=\"174\">Venta de Productos<\/option><\/select><\/div>    <\/div>\n\t\t\t\n\t\t\t\n\t\t\t\n\t\t\t\n\t\t\t\n\t\t\t\t\t\t\n\t\t\t<div class=\"rtcl-form-group ws-item ws-button  rtcl-col-sm-6\">\n\t\t<div class=\"rtcl-action-buttons button-center\">\n\t\t<button type=\"submit\" class=\"rtcl-btn\">Buscar ahora<\/button>\n\t<\/div>\n<\/div>\t\t\t\n\t\t<\/div>\n\t\t\t<\/form>\n<\/div>\n\t\t\t\t<\/div>\n\t\t\t\t<\/div>\n\t\t\t\t\t<\/div>\n\t\t\t\t<\/div>\n\t\t<div class=\"elementor-element elementor-element-b8c9b37 elementor-hidden-desktop elementor-hidden-tablet e-flex e-con-boxed e-con e-parent\" data-id=\"b8c9b37\" data-element_type=\"container\" data-e-type=\"container\" data-settings=\"{&quot;background_background&quot;:&quot;classic&quot;}\">\n\t\t\t\t\t<div class=\"e-con-inner\">\n\t\t\t\t<div class=\"elementor-element elementor-element-9d7ecd4 elementor-widget elementor-widget-rtcl-listing-search-form\" data-id=\"9d7ecd4\" data-element_type=\"widget\" data-e-type=\"widget\" data-widget_type=\"rtcl-listing-search-form.default\">\n\t\t\t\t<div class=\"elementor-widget-container\">\n\t\t\t\t\t\n<div class=\"rtcl rtcl-widget-search rtcl-widget-search-vertical rtcl-widget-search-style-dependency rtcl-elementor-widget-search\">\n\t<form action=\"https:\/\/pueblanuncio.com\/directorio\/listings\/\" class=\" rtcl-widget-search-form\">\n        <input type=\"hidden\" id=\"rtcl_widget_search_nonce\" name=\"rtcl_widget_search_nonce\" value=\"ed1ab3102f\" \/><input type=\"hidden\" name=\"_wp_http_referer\" value=\"\/directorio\/wp-json\/wp\/v2\/pages\/83\" \/>\t\t<div class=\"rtcl-row rtcl-no-margin active-field-3  \">\n\t\t\t\n\t\t\t    <div class=\"rtcl-form-group ws-item ws-location rtcl-col-sm-6 rtcl-col-12\">\n                    <label class=\"screen-reader-text\" for=\"rtcl-location-search-3603459718\">Location<\/label>\n                <div class=\"rtcl-terms\"><input type=\"hidden\" class=\"rtcl-term-hidden rtcl-term-rtcl_location\" data-slug=\"\" value=\"0\" \/><input type=\"hidden\" name=\"rtcl_location\" class=\"rtcl-term-hidden-value rtcl-term-rtcl_location\" value=\"\" \/><select id=\"rtcl-location-search-3603459718\" class=\"rtcl-form-control\" data-taxonomy=\"rtcl_location\" data-parent=\"0\"><option value=\"\">Selecciona un Municipio<\/option><option data-slug=\"atlixco\" value=\"183\">Atlixco<\/option><option data-slug=\"cholula\" value=\"182\">Cholula<\/option><option data-slug=\"puebla-capital\" value=\"181\">Puebla Capital<\/option><option data-slug=\"san-martin-texmelucan\" value=\"185\">San Mart\u00edn Texmelucan<\/option><option data-slug=\"tehuacan\" value=\"184\">Tehuac\u00e1n<\/option><\/select><\/div>    <\/div>\n\t\t\t\n\t\t\t\n    <div class=\"rtcl-form-group ws-item ws-category ws-category-dependency rtcl-col-sm-6 rtcl-col-12\">\n                    <label class=\"screen-reader-text\" for=\"rtcl-category-search-3603459718\">Category<\/label>\n                <div class=\"rtcl-terms\"><input type=\"hidden\" class=\"rtcl-term-hidden rtcl-term-rtcl_category\" data-slug=\"\" value=\"0\" \/><input type=\"hidden\" name=\"rtcl_category\" class=\"rtcl-term-hidden-value rtcl-term-rtcl_category\" value=\"\" \/><select id=\"rtcl-category-search-3603459718\" class=\"rtcl-form-control rtcl-category-search\" data-taxonomy=\"rtcl_category\" data-parent=\"0\"><option value=\"-1\">Selecciona una Categor\u00eda<\/option><option data-slug=\"area-legal\" value=\"70\">\u00c1rea legal<\/option><option data-slug=\"arquitectura-e-ingenieria\" value=\"98\">Arquitectura e ingenier\u00eda<\/option><option data-slug=\"belleza-y-salud\" value=\"143\">Belleza y Salud<\/option><option data-slug=\"consultoria-empresarial\" value=\"58\">Consultor\u00eda Empresarial<\/option><option data-slug=\"creativos-y-medios\" value=\"109\">Creativos y medios<\/option><option data-slug=\"educacion-y-capacitacion\" value=\"92\">Educaci\u00f3n y capacitaci\u00f3n<\/option><option data-slug=\"eventos-y-entretenimiento\" value=\"150\">Eventos y Entretenimiento<\/option><option data-slug=\"finanzas-y-contabilidad\" value=\"75\">Finanzas y contabilidad<\/option><option data-slug=\"inmuebles\" value=\"167\">Inmuebles<\/option><option data-slug=\"marketing-y-publicidad\" value=\"63\">Marketing y Publicidad<\/option><option data-slug=\"mascotas\" value=\"156\">Mascotas<\/option><option data-slug=\"recursos-humanos\" value=\"104\">Recursos humanos<\/option><option data-slug=\"restaurantes-y-comida\" value=\"161\">Restaurantes y Comida<\/option><option data-slug=\"salud-profesional\" value=\"88\">Salud profesional<\/option><option data-slug=\"servicios-a-la-industria\" value=\"114\">Servicios a la industria<\/option><option data-slug=\"servicios-tecnicos\" value=\"127\">Servicios T\u00e9cnicos<\/option><option data-slug=\"tecnologia\" value=\"81\">Tecnolog\u00eda<\/option><option data-slug=\"venta-de-productos\" value=\"174\">Venta de Productos<\/option><\/select><\/div>    <\/div>\n\t\t\t\n\t\t\t\n\t\t\t\n\t\t\t\n\t\t\t\n\t\t\t\t\t\t\n\t\t\t<div class=\"rtcl-form-group ws-item ws-button  rtcl-col-sm-6\">\n\t\t<div class=\"rtcl-action-buttons button-center\">\n\t\t<button type=\"submit\" class=\"rtcl-btn\">Buscar ahora<\/button>\n\t<\/div>\n<\/div>\t\t\t\n\t\t<\/div>\n\t\t\t<\/form>\n<\/div>\n\t\t\t\t<\/div>\n\t\t\t\t<\/div>\n\t\t\t\t\t<\/div>\n\t\t\t\t<\/div>\n\t\t\t\t<\/div>\n\t\t","protected":false},"excerpt":{"rendered":"<p>Donde TODO PUEBLA se Anuncia Location Selecciona un Municipio Category Selecciona una Categor\u00eda Buscar ahora Location Selecciona un Municipio Category Selecciona una Categor\u00eda Buscar ahora Location Selecciona un Municipio Category Selecciona una Categor\u00eda Buscar ahora<\/p>\n","protected":false},"author":1,"featured_media":0,"parent":0,"menu_order":0,"comment_status":"closed","ping_status":"closed","template":"","meta":{"_rtcl_gb_attr":"","footnotes":""},"class_list":["post-83","page","type-page","status-publish","hentry"],"_links":{"self":[{"href":"https:\/\/pueblanuncio.com\/directorio\/wp-json\/wp\/v2\/pages\/83","targetHints":{"allow":["GET"]}}],"collection":[{"href":"https:\/\/pueblanuncio.com\/directorio\/wp-json\/wp\/v2\/pages"}],"about":[{"href":"https:\/\/pueblanuncio.com\/directorio\/wp-json\/wp\/v2\/types\/page"}],"author":[{"embeddable":true,"href":"https:\/\/pueblanuncio.com\/directorio\/wp-json\/wp\/v2\/users\/1"}],"replies":[{"embeddable":true,"href":"https:\/\/pueblanuncio.com\/directorio\/wp-json\/wp\/v2\/comments?post=83"}],"version-history":[{"count":178,"href":"https:\/\/pueblanuncio.com\/directorio\/wp-json\/wp\/v2\/pages\/83\/revisions"}],"predecessor-version":[{"id":324,"href":"https:\/\/pueblanuncio.com\/directorio\/wp-json\/wp\/v2\/pages\/83\/revisions\/324"}],"wp:attachment":[{"href":"https:\/\/pueblanuncio.com\/directorio\/wp-json\/wp\/v2\/media?parent=83"}],"curies":[{"name":"wp","href":"https:\/\/api.w.org\/{rel}","templated":true}]}}